{"id":1748,"date":"2021-07-13T16:45:28","date_gmt":"2021-07-13T14:45:28","guid":{"rendered":"http:\/\/ferrosbrugues.com\/serveis\/libreria-tecnica\/"},"modified":"2021-07-13T16:45:29","modified_gmt":"2021-07-13T14:45:29","slug":"libreria-tecnica","status":"publish","type":"page","link":"https:\/\/ferrosbrugues.com\/ca\/serveis\/libreria-tecnica\/","title":{"rendered":"Libreria t\u00e8cnica"},"content":{"rendered":"<section class=\"wpb-content-wrapper\"><p>[vc_row][vc_column][vc_custom_heading text=&#8221;Libreria t\u00e8cnica&#8221; font_container=&#8221;tag:h1|text_align:left|color:%23ed3c6a|line_height:24px&#8221; use_theme_fonts=&#8221;yes&#8221;][\/vc_column][\/vc_row][vc_row el_class=&#8221;servicios1&#8243;][vc_column width=&#8221;2\/3&#8243;][vc_column_text]En aquest apartat pot trobar informaci\u00f3 detallada de les  caracter\u00edstiques t\u00e8cniques , aix\u00ed com l\u2019 amplia gama de productes que existeixen en el mercat ( no tots es comercialitzen).<br \/>\nQualsevol dubte o consulta que els hi pogu\u00e9s sorgir, igualment poden contactar amb el nostre equip comercial.[\/vc_column_text][\/vc_column][vc_column width=&#8221;1\/3&#8243;][\/vc_column][\/vc_row][vc_row el_class=&#8221;hiden-xs&#8221;][vc_column][vc_empty_space][\/vc_column][\/vc_row][vc_row gap=&#8221;30&#8243; equal_height=&#8221;yes&#8221; content_placement=&#8221;bottom&#8221; el_class=&#8221;libreria-tecnica-descarga&#8221;][vc_column width=&#8221;1\/2&#8243;][vc_row_inner content_placement=&#8221;bottom&#8221;][vc_column_inner width=&#8221;1\/2&#8243;][vc_single_image image=&#8221;1352&#8243; img_size=&#8221;full&#8221; onclick=&#8221;custom_link&#8221; img_link_target=&#8221;_blank&#8221; link=&#8221;http:\/\/ferrosbrugues.com\/\/wp-content\/uploads\/2021\/06\/Cata\u0301logo-Ferros-Brugues.pdf&#8221;][\/vc_column_inner][vc_column_inner el_class=&#8221;libreria-tecnica-descarga2&#8243; width=&#8221;1\/2&#8243;][vc_column_text]<a href=\"http:\/\/ferrosbrugues.com\/wp-content\/uploads\/2021\/06\/Cata\u0301logo-Ferros-Brugues.pdf\" target=\"_blank\" rel=\"noopener\"><img loading=\"lazy\" decoding=\"async\" class=\"size-full wp-image-1351 alignnone\" src=\"http:\/\/ferrosbrugues.com\/\/wp-content\/uploads\/2021\/06\/descarga.png\" alt=\"\" width=\"31\" height=\"39\" \/><\/a><\/p>\n<p style=\"padding-bottom: 8px;\"><a href=\"http:\/\/ferrosbrugues.com\/wp-content\/uploads\/2021\/06\/Cata\u0301logo-Ferros-Brugues.pdf\" target=\"_blank\" rel=\"noopener\"><span style=\"color: #ed3c6a;\">Cat\u00e0leg Ferros Brugues<\/span><\/a><br \/>\n22 p\u00e1ginas<\/p>\n<p>[\/vc_column_text][\/vc_column_inner][\/vc_row_inner][\/vc_column][vc_column width=&#8221;1\/2&#8243;][vc_row_inner content_placement=&#8221;bottom&#8221;][vc_column_inner width=&#8221;1\/2&#8243;][vc_single_image image=&#8221;1353&#8243; img_size=&#8221;full&#8221; onclick=&#8221;custom_link&#8221; img_link_target=&#8221;_blank&#8221; link=&#8221;http:\/\/ferrosbrugues.com\/\/wp-content\/uploads\/2021\/06\/Prontuario-uahe.pdf&#8221;][\/vc_column_inner][vc_column_inner el_class=&#8221;libreria-tecnica-descarga2&#8243; width=&#8221;1\/2&#8243;][vc_column_text]<a href=\"http:\/\/ferrosbrugues.com\/wp-content\/uploads\/2021\/06\/Prontuario-uahe.pdf\" target=\"_blank\" rel=\"noopener\"><img loading=\"lazy\" decoding=\"async\" class=\"size-full wp-image-1351 alignnone\" src=\"http:\/\/ferrosbrugues.com\/wp-content\/uploads\/2021\/06\/descarga.png\" alt=\"\" width=\"31\" height=\"39\" \/><\/a><\/p>\n<p style=\"padding-bottom: 8px;\"><a href=\"http:\/\/ferrosbrugues.com\/\/wp-content\/uploads\/2021\/06\/Prontuario-uahe.pdf\" target=\"_blank\" rel=\"noopener\"><span style=\"color: #ed3c6a;\">Prontuari UAHE<\/span><\/a><br \/>\n303 p\u00e1ginas<\/p>\n<p>[\/vc_column_text][\/vc_column_inner][\/vc_row_inner][\/vc_column][\/vc_row]<\/p>\n<\/section>","protected":false},"excerpt":{"rendered":"<p>[vc_row][vc_column][vc_custom_heading text=&#8221;Libreria t\u00e8cnica&#8221; font_container=&#8221;tag:h1|text_align:left|color:%23ed3c6a|line_height:24px&#8221; use_theme_fonts=&#8221;yes&#8221;][\/vc_column][\/vc_row][vc_row el_class=&#8221;servicios1&#8243;][vc_column width=&#8221;2\/3&#8243;][vc_column_text]En aquest apartat pot trobar informaci\u00f3 detallada de les caracter\u00edstiques t\u00e8cniques , aix\u00ed com l\u2019 amplia gama de productes que existeixen en el mercat [&hellip;]<\/p>\n","protected":false},"author":1,"featured_media":0,"parent":1705,"menu_order":0,"comment_status":"closed","ping_status":"closed","template":"page-servicio.php","meta":{"footnotes":""},"class_list":["post-1748","page","type-page","status-publish","hentry"],"acf":[],"_links":{"self":[{"href":"https:\/\/ferrosbrugues.com\/ca\/wp-json\/wp\/v2\/pages\/1748","targetHints":{"allow":["GET"]}}],"collection":[{"href":"https:\/\/ferrosbrugues.com\/ca\/wp-json\/wp\/v2\/pages"}],"about":[{"href":"https:\/\/ferrosbrugues.com\/ca\/wp-json\/wp\/v2\/types\/page"}],"author":[{"embeddable":true,"href":"https:\/\/ferrosbrugues.com\/ca\/wp-json\/wp\/v2\/users\/1"}],"replies":[{"embeddable":true,"href":"https:\/\/ferrosbrugues.com\/ca\/wp-json\/wp\/v2\/comments?post=1748"}],"version-history":[{"count":2,"href":"https:\/\/ferrosbrugues.com\/ca\/wp-json\/wp\/v2\/pages\/1748\/revisions"}],"predecessor-version":[{"id":1750,"href":"https:\/\/ferrosbrugues.com\/ca\/wp-json\/wp\/v2\/pages\/1748\/revisions\/1750"}],"up":[{"embeddable":true,"href":"https:\/\/ferrosbrugues.com\/ca\/wp-json\/wp\/v2\/pages\/1705"}],"wp:attachment":[{"href":"https:\/\/ferrosbrugues.com\/ca\/wp-json\/wp\/v2\/media?parent=1748"}],"curies":[{"name":"wp","href":"https:\/\/api.w.org\/{rel}","templated":true}]}}