{"id":1733,"date":"2021-07-13T16:39:52","date_gmt":"2021-07-13T14:39:52","guid":{"rendered":"http:\/\/ferrosbrugues.com\/aviso-legal\/"},"modified":"2021-07-13T16:39:52","modified_gmt":"2021-07-13T14:39:52","slug":"aviso-legal","status":"publish","type":"page","link":"https:\/\/ferrosbrugues.com\/ca\/aviso-legal\/","title":{"rendered":"Aviso legal"},"content":{"rendered":"<section class=\"wpb-content-wrapper\"><p>[vc_row][vc_column][vc_custom_heading text=&#8221;Aviso Legal&#8221; font_container=&#8221;tag:h1|text_align:left|color:%23ed3c6a&#8221; use_theme_fonts=&#8221;yes&#8221;][vc_column_text]<b>1- CONDICIONES GENERALES DE USO DE LA WEB Y SU ACEPTACI\u00d3N<\/b><\/p>\n<p><span style=\"font-weight: 400;\">El presente aviso (en adelante, el &#8220;Aviso Legal&#8221;) regula el uso del servicio de acceso y utilizaci\u00f3n de la Web que FERROS BRUGU\u00c9S, S.A. (Ferros Brugu\u00e9s) pone a su disposici\u00f3n.<\/span><\/p>\n<p><span style=\"font-weight: 400;\">FERROS BRUGU\u00c9S, S.A., en tanto que responsable de la Web informa que tiene su domicilio social en C\/ Energ\u00eda 3-7, 08850 Gav\u00e0, Barcelona. Tel\u00e9fono 936628411. E-Mail <\/span><a href=\"mailto:info@ferrosbrugues.es\"><span style=\"font-weight: 400;\">info@ferrosbrugues.es<\/span><\/a><span style=\"font-weight: 400;\">. NIF n\u00famero A58331570, inscrita en el Registro Mercantil de Barcelona, Tomo 8298, Libro 7551, Sec. 2\u00aa, Folio 15, Hoja 97464, Insc. 1\u00aa.<\/span><\/p>\n<p><span style=\"font-weight: 400;\">La utilizaci\u00f3n de la Web atribuye la condici\u00f3n de usuario de la Web (en adelante, el &#8220;Usuario&#8221;) e implica la aceptaci\u00f3n plena y sin reservas de todas y cada una de las disposiciones incluidas en este Aviso Legal en la versi\u00f3n publicada por Ferros Brugu\u00e9s en el momento mismo en que el Usuario acceda a la Web. Ferros Brugu\u00e9s se reserva el derecho a modificar unilateralmente, en cualquier momento y sin previo aviso, la presentaci\u00f3n y configuraci\u00f3n de los contenidos y los servicios de la Web, as\u00ed como las condiciones requeridas para su utilizaci\u00f3n cuando ello sea conveniente para su mejor prestaci\u00f3n.<\/span><\/p>\n<p><span style=\"font-weight: 400;\">El contenido de la presente Web est\u00e1 protegido por las leyes de propiedad intelectual.<\/span><\/p>\n<p><span style=\"font-weight: 400;\">Dichos contenidos deber\u00e1n ser usados de forma correcta y licita por el usuario y, en particular queda obligado a utilizar dichos contenidos de forma diligente, correcta y l\u00edcita.<\/span><\/p>\n<p><span style=\"font-weight: 400;\">No podr\u00e1n usarse los contenidos de forma contraria a la ley, a la moral o a las buenas costumbres aceptadas en orden p\u00fablico.<\/span><\/p>\n<p><span style=\"font-weight: 400;\">Est\u00e1 prohibida la transmisi\u00f3n de cualquier tipo de datos que usted pueda realizar a esta Web, o a otros pertenecientes a terceras empresas cuyos links podr\u00e1 encontrar dentro de esta Web, que atente contra los derechos de propiedad de terceros, sean obscenos, pornogr\u00e1ficos, difamatorios, de car\u00e1cter amenazador o material que pueda ser considerado delito o falta en virtud del vigente C\u00f3digo Penal.<\/span><\/p>\n<p><span style=\"font-weight: 400;\">Queda prohibida la reproducci\u00f3n, copia, distribuci\u00f3n, transformaci\u00f3n o modificaci\u00f3n de contenidos (textos, im\u00e1genes, voces o estructura) a menos que se cuente con la autorizaci\u00f3n expresa y por escrito del titular de los derechos adquiridos.<\/span><\/p>\n<p>&nbsp;<\/p>\n<p><b>2- OBJETO<\/b><\/p>\n<p><span style=\"font-weight: 400;\">A trav\u00e9s de la Web el Ferros Brugu\u00e9s informa de su actividad de metalurgia y fabricaci\u00f3n de productos met\u00e1licos y maquinaria.<\/span><\/p>\n<p><b>3- CONDICIONES DE ACCESO Y UTILIZACI\u00d3N DE LA WEB<\/b><\/p>\n<p><b>3.1. Acceso y utilizaci\u00f3n de la Web<\/b><\/p>\n<p><span style=\"font-weight: 400;\">La utilizaci\u00f3n del Portal tiene car\u00e1cter gratuito para los usuarios.<\/span><\/p>\n<p>&nbsp;<\/p>\n<p><b>3.2. Veracidad de la informaci\u00f3n<\/b><\/p>\n<p><span style=\"font-weight: 400;\">Toda la informaci\u00f3n que facilite el usuario a trav\u00e9s de la Web deber\u00e1 ser veraz. A estos efectos, el usuario garantiza la autenticidad de todos aquellos datos que comunique como consecuencia de la cumplimentaci\u00f3n de los formularios de recogida de datos. De igual forma, se deber\u00e1 mantener la informaci\u00f3n facilitada a Ferros Brugu\u00e9s actualizada. En todo caso el usuario ser\u00e1 el \u00fanico responsable de las manifestaciones falsas o inexactas que realice y de los perjuicios que cause a Ferros Brugu\u00e9s o a terceros por la informaci\u00f3n que facilite.<\/span><\/p>\n<p>&nbsp;<\/p>\n<p><b>3.3. Obligaci\u00f3n de hacer un uso correcto de la Web<\/b><\/p>\n<p><span style=\"font-weight: 400;\">El usuario se compromete a utilizar la Web de conformidad con la ley, el presente Aviso Legal, y dem\u00e1s avisos, reglamentos de uso e instrucciones puestos en su conocimiento, as\u00ed como con la moral y las buenas costumbres generalmente aceptadas y el orden p\u00fablico.<\/span><\/p>\n<p><span style=\"font-weight: 400;\">A tal efecto, el usuario se abstendr\u00e1 de utilizar la Web con fines o efectos il\u00edcitos, prohibidos en el presente Aviso Legal, lesivos de los derechos e intereses de terceros, o que de cualquier forma puedan da\u00f1ar, inutilizar, sobrecargar, deteriorar o impedir la normal utilizaci\u00f3n de la Web los equipos inform\u00e1ticos o los documentos, archivos y toda clase de contenidos almacenados en cualquier equipo inform\u00e1tico del Ferros Brugu\u00e9s, o de cualquier usuario de Internet (hardware y software).<\/span><\/p>\n<p><span style=\"font-weight: 400;\">Ferros Brugu\u00e9s se reserva el derecho a denegar o retirar el acceso a la Web, en cualquier momento y sin necesidad de preaviso, a aquellos usuarios que incumplan las presentes Condiciones Generales.<\/span><\/p>\n<p>&nbsp;<\/p>\n<p><b>4- COPYRIGHT Y MARCAS REGISTRADAS<\/b><\/p>\n<p><span style=\"font-weight: 400;\">Todas las marcas, nombres comerciales o signos distintivos de cualquier clase que aparecen en la Web son propiedad de Ferros Brugu\u00e9s o de terceros, sin que pueda entenderse que el uso o acceso a la Web y\/o a los servicios atribuya al usuario derecho alguno sobre las citadas marcas, nombres comerciales y\/o signos distintivos.<\/span><\/p>\n<p><span style=\"font-weight: 400;\">Asimismo, los Contenidos son propiedad intelectual de Ferros Brugu\u00e9s o de terceros, sin que puedan entenderse cedidos al usuario, en virtud de lo establecido en este Aviso Legal, ninguno de los derechos de explotaci\u00f3n que existen o puedan existir sobre dichos Contenidos van m\u00e1s all\u00e1 de lo estrictamente necesario para el correcto uso de la Web.<\/span><\/p>\n<p>&nbsp;<\/p>\n<p><b>5.- RESPONSABILIDADES POR DA\u00d1OS Y PERJUICIOS<\/b><\/p>\n<p><span style=\"font-weight: 400;\">El usuario de la Web o de cualquiera de las p\u00e1ginas Web de terceras empresas, incluidas en el website o con un acceso mediante un link desde el mismo, ser\u00e1 responsable de los Da\u00f1os y Perjuicios que Ferros Brugu\u00e9s pueda sufrir directa o indirectamente, como consecuencia del incumplimiento de cualquiera de las obligaciones derivadas establecidas en el presente Aviso Legal.<\/span><\/p>\n<p>&nbsp;<\/p>\n<p><b>6- LIMITE DE RESPONSABILIDAD<\/b><\/p>\n<p><span style=\"font-weight: 400;\">Ferros Brugu\u00e9s no garantiza la disponibilidad del funcionamiento de los servicios de la Web.<\/span><\/p>\n<p><span style=\"font-weight: 400;\">Cuando ello sea razonablemente posible, Ferros Brugu\u00e9s advertir\u00e1 previamente las interrupciones en el funcionamiento de la Web. Ferros Brugu\u00e9s tampoco garantiza la unidad de los Servicios para la realizaci\u00f3n de ninguna actividad en particular, ni su inhabilidad, y en particular, aunque no de modo exclusivo, que los usuarios puedan efectivamente utilizar los Servicios y acceder a las distintas p\u00e1ginas Web desde las que se presten los Servicios.<\/span><\/p>\n<p><span style=\"font-weight: 400;\">Ferros Brugu\u00e9s no garantiza la privacidad y la seguridad de la utilizaci\u00f3n de la Web, no puede garantizar la invulnerabilidad absoluta de sus sistemas de seguridad.<\/span><\/p>\n<p><span style=\"font-weight: 400;\">Ferros Brugu\u00e9s no controla ni garantiza la ausencia de virus ni de otros elementos en los Contenidos que puedan producir alteraciones en el sistema inform\u00e1tico del usuario (software y hardware) o en los documentos electr\u00f3nicos y ficheros almacenados en \u00e9ste.<\/span><\/p>\n<p><span style=\"font-weight: 400;\">De igual forma, Ferros Brugu\u00e9s, elude toda responsabilidad en los supuestos de fallo en el rendimiento, error, omisi\u00f3n, interrupci\u00f3n, defecto de demora en la operaci\u00f3n de transmisi\u00f3n, fallo del sistema o l\u00ednea, as\u00ed como en el contenido, exactitud y opiniones expresadas y otras conexiones suministradas por estos medios.<\/span><\/p>\n<p><span style=\"font-weight: 400;\">Ferros Brugu\u00e9s no garantiza la licitud, fiabilidad y utilidad de los Contenidos, ni tampoco garantiza la veracidad, exactitud, exhaustividad y actualidad de los Contenidos.<\/span><\/p>\n<p><span style=\"font-weight: 400;\">Esta Web puede establecer enlaces a otras p\u00e1ginas Web que pertenecen a terceros sobre los que el Ferros Brugu\u00e9s no tiene control alguno. En estos supuestos el Ferros Brugu\u00e9s no asume responsabilidad alguna ni compromiso sobre la informaci\u00f3n contenida en estas p\u00e1ginas ni de los servicios o productos que en ellas se incluya u oferte.<\/span><\/p>\n<p><span style=\"font-weight: 400;\">En caso de que una autoridad judicial comunique a Ferros Brugu\u00e9s o \u00e9sta tenga conocimiento efectivo de la existencia de una informaci\u00f3n il\u00edcita contenida en la Web o que lesione bienes o derechos de un tercero susceptible de indemnizaci\u00f3n, Ferros Brugu\u00e9s colaborar\u00e1 con las organismos competentes para la identificaci\u00f3n de los personas responsables de haber publicado la informaci\u00f3n il\u00edcita, y en todo caso, proceder\u00e1 a retirar tal informaci\u00f3n o hacer imposible el acceso a la misma.<\/span><\/p>\n<p>&nbsp;<\/p>\n<p><b>7- POL\u00cdTICA DE PROTECCI\u00d3N DE DATOS<\/b><\/p>\n<p><span style=\"font-weight: 400;\">A trav\u00e9s del presente aviso, FERROS BRUGU\u00c9S, S.A., informa a los usuarios del website, sobre su pol\u00edtica de protecci\u00f3n de datos personales con la finalidad de que estos decidan de forma expresa, libre y voluntaria, si desean facilitar a Ferros Brugu\u00e9s los datos personales que le son solicitados en el website para la prestaci\u00f3n de sus servicios.<\/span><\/p>\n<p><span style=\"font-weight: 400;\">FERROS BRUGU\u00c9S, S.A. advierte al Usuario de la utilizaci\u00f3n de cookies cuando el Usuario navega por la p\u00e1gina Web. <\/span><span style=\"font-weight: 400;\">Pol\u00edtica de cookies\u00a0<\/span><\/p>\n<p><span style=\"font-weight: 400;\">Los datos que se solicitan son los adecuados, pertinentes y no excesivos en relaci\u00f3n con el \u00e1mbito, las finalidades y servicios determinados, expl\u00edcitos y leg\u00edtimos de FERROS BRUGU\u00c9S, S.A.<\/span><\/p>\n<p><span style=\"font-weight: 400;\">El usuario deber\u00e1 rellenar los formularios con datos verdaderos, exactos, completos y actualizados, respondiendo de los da\u00f1os y perjuicios que pudiera ocasionar a causa de la cumplimentaci\u00f3n defectuosa del formulario con datos falsos, inexactos, incompletos o no actualizados.<\/span><\/p>\n<p><span style=\"font-weight: 400;\">FERROS BRUGU\u00c9S, S.A. ha instalado las medidas t\u00e9cnicas y organizativas necesarias para evitar la p\u00e9rdida, mal uso, alteraci\u00f3n, acceso no autorizado y dem\u00e1s riesgos posibles.<\/span><\/p>\n<p><span style=\"font-weight: 400;\">Igualmente, FERROS BRUGU\u00c9S, S.A. se obliga a cumplir con la obligaci\u00f3n de secreto respecto de los datos contenidos en sus tratamientos seg\u00fan lo establecido en la legislaci\u00f3n de protecci\u00f3n de datos aplicable. En particular, Ferros Brugu\u00e9s informa que ha suscrito los pertinentes acuerdos de confidencialidad y protecci\u00f3n de datos con terceros que tienen acceso a datos personales responsabilidad de Ferros Brugu\u00e9s para la prestaci\u00f3n de un servicio a \u00e9sta.<\/span><\/p>\n<p>&nbsp;<\/p>\n<p><b>8- DURACI\u00d3N<\/b><\/p>\n<p><span style=\"font-weight: 400;\">El Ferros Brugu\u00e9s podr\u00e1 interrumpir el servicio de la Web no obstante, est\u00e1 autorizada a dar por terminada o suspender la prestaci\u00f3n de los Servicios en cualquier momento. Cuando ello sea razonablemente posible, el Ferros Brugu\u00e9s advertir\u00e1 previamente la terminaci\u00f3n o suspensi\u00f3n de la prestaci\u00f3n de los servicios de la Web.<\/span><\/p>\n<p>&nbsp;<\/p>\n<p><b>9- JURISDICCI\u00d3N<\/b><\/p>\n<p><span style=\"font-weight: 400;\">Las partes, con expresa renuncia de su propio fuero, aceptan como legislaci\u00f3n rectora del presente contrato, la espa\u00f1ola, y se someten para la resoluci\u00f3n de cuantos litigios pudieran derivarse del mismo a los Juzgados y Tribunales de Barcelona.<\/span><\/p>\n<p>&nbsp;<\/p>\n<p><b>10- LEGISLACI\u00d3N<\/b><\/p>\n<p><span style=\"font-weight: 400;\">Las presentes Condiciones Generales se rigen por las leyes espa\u00f1olas.<\/span><\/p>\n<p>[\/vc_column_text][\/vc_column][\/vc_row]<\/p>\n<\/section>","protected":false},"excerpt":{"rendered":"<p>[vc_row][vc_column][vc_custom_heading text=&#8221;Aviso Legal&#8221; font_container=&#8221;tag:h1|text_align:left|color:%23ed3c6a&#8221; use_theme_fonts=&#8221;yes&#8221;][vc_column_text]1- CONDICIONES GENERALES DE USO DE LA WEB Y SU ACEPTACI\u00d3N El presente aviso (en adelante, el &#8220;Aviso Legal&#8221;) regula el uso del servicio de acceso [&hellip;]<\/p>\n","protected":false},"author":1,"featured_media":0,"parent":0,"menu_order":0,"comment_status":"closed","ping_status":"closed","template":"","meta":{"footnotes":""},"class_list":["post-1733","page","type-page","status-publish","hentry"],"acf":[],"_links":{"self":[{"href":"https:\/\/ferrosbrugues.com\/ca\/wp-json\/wp\/v2\/pages\/1733","targetHints":{"allow":["GET"]}}],"collection":[{"href":"https:\/\/ferrosbrugues.com\/ca\/wp-json\/wp\/v2\/pages"}],"about":[{"href":"https:\/\/ferrosbrugues.com\/ca\/wp-json\/wp\/v2\/types\/page"}],"author":[{"embeddable":true,"href":"https:\/\/ferrosbrugues.com\/ca\/wp-json\/wp\/v2\/users\/1"}],"replies":[{"embeddable":true,"href":"https:\/\/ferrosbrugues.com\/ca\/wp-json\/wp\/v2\/comments?post=1733"}],"version-history":[{"count":1,"href":"https:\/\/ferrosbrugues.com\/ca\/wp-json\/wp\/v2\/pages\/1733\/revisions"}],"predecessor-version":[{"id":1734,"href":"https:\/\/ferrosbrugues.com\/ca\/wp-json\/wp\/v2\/pages\/1733\/revisions\/1734"}],"wp:attachment":[{"href":"https:\/\/ferrosbrugues.com\/ca\/wp-json\/wp\/v2\/media?parent=1733"}],"curies":[{"name":"wp","href":"https:\/\/api.w.org\/{rel}","templated":true}]}}