{"id":1727,"date":"2021-07-13T16:38:44","date_gmt":"2021-07-13T14:38:44","guid":{"rendered":"http:\/\/ferrosbrugues.com\/serveis\/galvanitzar-zincar\/"},"modified":"2021-07-13T16:38:45","modified_gmt":"2021-07-13T14:38:45","slug":"galvanitzar-zincar","status":"publish","type":"page","link":"https:\/\/ferrosbrugues.com\/ca\/serveis\/galvanitzar-zincar\/","title":{"rendered":"Galvanitzar\/zincar"},"content":{"rendered":"<section class=\"wpb-content-wrapper\"><p>[vc_row el_class=&#8221;servicios1&#8243;][vc_column][vc_custom_heading text=&#8221;Galvanitzar\/zincar&#8221; font_container=&#8221;tag:h1|text_align:left|color:%23ed3c6a|line_height:24px&#8221; use_theme_fonts=&#8221;yes&#8221;][vc_column_text]Treballem amb empreses dedicades als tractaments superficials per a la protecci\u00f3 de l\u2019 acer enfront de la corrosi\u00f3 tant en el proc\u00e9s de <\/span><b>galvanitzaci\u00f3 en calent<\/b><span style=\"font-weight: 400;\"> com en el proc\u00e9s de <\/span><b>zincat electrol\u00edtic<\/b> en fred, ambd\u00f3s per immersi\u00f3.\u00a0[\/vc_column_text][vc_row_inner equal_height=&#8221;yes&#8221; el_class=&#8221;listado-servicios-container&#8221;][vc_column_inner width=&#8221;1\/2&#8243; css=&#8221;.vc_custom_1620745786898{background-image: url(http:\/\/ferrosbrugues.com\/\/wp-content\/uploads\/2021\/05\/Galvanizar_3.jpg?id=255) !important;background-position: center !important;background-repeat: no-repeat !important;background-size: cover !important;}&#8221;][\/vc_column_inner][vc_column_inner el_class=&#8221;listado-servicios&#8221; width=&#8221;1\/2&#8243; css=&#8221;.vc_custom_1620313503211{background-color: #edecec !important;}&#8221;][vc_column_text]Realitzem el servei d\u2019 entrega en el galvanitzador\/zincador el material que ens demana el nostre client i realitzem el seguiment i recollida del material una vegada que s\u2019 ha realitzat el tractament superficial per entregar finalment en el dest\u00ed que el client ens indica.<\/p>\n<p>Tots els processos productius es realitzen en base a les normes de reconegut prestigi industrial ( UNE, ISO, ASTM&#8230; )[\/vc_column_text][\/vc_column_inner][\/vc_row_inner][\/vc_column][\/vc_row][vc_row][vc_column][vc_empty_space][\/vc_column][\/vc_row]<\/p>\n<\/section>","protected":false},"excerpt":{"rendered":"<p>[vc_row el_class=&#8221;servicios1&#8243;][vc_column][vc_custom_heading text=&#8221;Galvanitzar\/zincar&#8221; font_container=&#8221;tag:h1|text_align:left|color:%23ed3c6a|line_height:24px&#8221; use_theme_fonts=&#8221;yes&#8221;][vc_column_text]Treballem amb empreses dedicades als tractaments superficials per a la protecci\u00f3 de l\u2019 acer enfront de la corrosi\u00f3 tant en el proc\u00e9s de galvanitzaci\u00f3 en calent [&hellip;]<\/p>\n","protected":false},"author":1,"featured_media":0,"parent":1705,"menu_order":0,"comment_status":"closed","ping_status":"closed","template":"page-servicio.php","meta":{"footnotes":""},"class_list":["post-1727","page","type-page","status-publish","hentry"],"acf":[],"_links":{"self":[{"href":"https:\/\/ferrosbrugues.com\/ca\/wp-json\/wp\/v2\/pages\/1727","targetHints":{"allow":["GET"]}}],"collection":[{"href":"https:\/\/ferrosbrugues.com\/ca\/wp-json\/wp\/v2\/pages"}],"about":[{"href":"https:\/\/ferrosbrugues.com\/ca\/wp-json\/wp\/v2\/types\/page"}],"author":[{"embeddable":true,"href":"https:\/\/ferrosbrugues.com\/ca\/wp-json\/wp\/v2\/users\/1"}],"replies":[{"embeddable":true,"href":"https:\/\/ferrosbrugues.com\/ca\/wp-json\/wp\/v2\/comments?post=1727"}],"version-history":[{"count":2,"href":"https:\/\/ferrosbrugues.com\/ca\/wp-json\/wp\/v2\/pages\/1727\/revisions"}],"predecessor-version":[{"id":1729,"href":"https:\/\/ferrosbrugues.com\/ca\/wp-json\/wp\/v2\/pages\/1727\/revisions\/1729"}],"up":[{"embeddable":true,"href":"https:\/\/ferrosbrugues.com\/ca\/wp-json\/wp\/v2\/pages\/1705"}],"wp:attachment":[{"href":"https:\/\/ferrosbrugues.com\/ca\/wp-json\/wp\/v2\/media?parent=1727"}],"curies":[{"name":"wp","href":"https:\/\/api.w.org\/{rel}","templated":true}]}}