{"id":1724,"date":"2021-07-13T16:36:55","date_gmt":"2021-07-13T14:36:55","guid":{"rendered":"http:\/\/ferrosbrugues.com\/serveis\/ferralla\/"},"modified":"2021-07-13T16:36:55","modified_gmt":"2021-07-13T14:36:55","slug":"ferralla","status":"publish","type":"page","link":"https:\/\/ferrosbrugues.com\/ca\/serveis\/ferralla\/","title":{"rendered":"Ferralla"},"content":{"rendered":"<section class=\"wpb-content-wrapper\"><p>[vc_row el_class=&#8221;servicios1&#8243;][vc_column][vc_custom_heading text=&#8221;Ferralla&#8221; font_container=&#8221;tag:h1|text_align:left|color:%23ed3c6a|line_height:24px&#8221; use_theme_fonts=&#8221;yes&#8221;][vc_column_text]La ferralla soldada i elaborada \u00e9s un material molt present en el sector de la construcci\u00f3 i \u00e9s d\u2019\u00fas com\u00fa en tot tipus d\u2019obres.<\/p>\n<p>Nosaltres col\u00b7laborem amb un taller extern amb molts anys d\u2019 experi\u00e8ncia i homologat amb el segell AENOR i marca FerraPLus on es treballa acer per a l\u2019 estructura de formig\u00f3 armat.[\/vc_column_text][vc_row_inner equal_height=&#8221;yes&#8221; el_class=&#8221;listado-servicios-container&#8221;][vc_column_inner width=&#8221;1\/2&#8243; css=&#8221;.vc_custom_1620745789676{background-image: url(http:\/\/ferrosbrugues.com\/\/wp-content\/uploads\/2021\/05\/Ferralla_1.jpg?id=256) !important;background-position: center !important;background-repeat: no-repeat !important;background-size: cover !important;}&#8221;][\/vc_column_inner][vc_column_inner el_class=&#8221;listado-servicios&#8221; width=&#8221;1\/2&#8243; css=&#8221;.vc_custom_1620313503211{background-color: #edecec !important;}&#8221;][vc_column_text]La ferralla soldada i elaborada es serveix en di\u00e0metres de 8,10,12,16,20,25 i 32 mm<\/p>\n<ul>\n<li>C\u00e9rcols<\/li>\n<li>Riostres<\/li>\n<li>Sabates i al\u00e7at de mur<\/li>\n<li>Pilots<\/li>\n<li>Forjat per a llosa massissa<\/li>\n<li>Pantalles \u2026<\/li>\n<\/ul>\n<p>[\/vc_column_text][\/vc_column_inner][\/vc_row_inner][\/vc_column][\/vc_row][vc_row][vc_column][vc_empty_space][\/vc_column][\/vc_row]<\/p>\n<\/section>","protected":false},"excerpt":{"rendered":"<p>[vc_row el_class=&#8221;servicios1&#8243;][vc_column][vc_custom_heading text=&#8221;Ferralla&#8221; font_container=&#8221;tag:h1|text_align:left|color:%23ed3c6a|line_height:24px&#8221; use_theme_fonts=&#8221;yes&#8221;][vc_column_text]La ferralla soldada i elaborada \u00e9s un material molt present en el sector de la construcci\u00f3 i \u00e9s d\u2019\u00fas com\u00fa en tot tipus d\u2019obres. Nosaltres col\u00b7laborem [&hellip;]<\/p>\n","protected":false},"author":1,"featured_media":0,"parent":1705,"menu_order":0,"comment_status":"closed","ping_status":"closed","template":"page-servicio.php","meta":{"footnotes":""},"class_list":["post-1724","page","type-page","status-publish","hentry"],"acf":[],"_links":{"self":[{"href":"https:\/\/ferrosbrugues.com\/ca\/wp-json\/wp\/v2\/pages\/1724","targetHints":{"allow":["GET"]}}],"collection":[{"href":"https:\/\/ferrosbrugues.com\/ca\/wp-json\/wp\/v2\/pages"}],"about":[{"href":"https:\/\/ferrosbrugues.com\/ca\/wp-json\/wp\/v2\/types\/page"}],"author":[{"embeddable":true,"href":"https:\/\/ferrosbrugues.com\/ca\/wp-json\/wp\/v2\/users\/1"}],"replies":[{"embeddable":true,"href":"https:\/\/ferrosbrugues.com\/ca\/wp-json\/wp\/v2\/comments?post=1724"}],"version-history":[{"count":2,"href":"https:\/\/ferrosbrugues.com\/ca\/wp-json\/wp\/v2\/pages\/1724\/revisions"}],"predecessor-version":[{"id":1726,"href":"https:\/\/ferrosbrugues.com\/ca\/wp-json\/wp\/v2\/pages\/1724\/revisions\/1726"}],"up":[{"embeddable":true,"href":"https:\/\/ferrosbrugues.com\/ca\/wp-json\/wp\/v2\/pages\/1705"}],"wp:attachment":[{"href":"https:\/\/ferrosbrugues.com\/ca\/wp-json\/wp\/v2\/media?parent=1724"}],"curies":[{"name":"wp","href":"https:\/\/api.w.org\/{rel}","templated":true}]}}