{"id":1699,"date":"2021-07-13T16:16:14","date_gmt":"2021-07-13T14:16:14","guid":{"rendered":"http:\/\/ferrosbrugues.com\/els-nostres-productes\/"},"modified":"2021-07-13T16:16:24","modified_gmt":"2021-07-13T14:16:24","slug":"els-nostres-productes","status":"publish","type":"page","link":"https:\/\/ferrosbrugues.com\/ca\/els-nostres-productes\/","title":{"rendered":"Els Nostres Productes"},"content":{"rendered":"<section class=\"wpb-content-wrapper\"><p>[vc_row][vc_column][vc_custom_heading text=&#8221;Els Nostres Productes&#8221; font_container=&#8221;tag:h1|text_align:left|color:%23ed3c6a&#8221; use_theme_fonts=&#8221;yes&#8221;][\/vc_column][\/vc_row][vc_row][vc_column width=&#8221;7\/12&#8243;][vc_column_text]Tots els nostres productes s\u00f3n de la m\u00e9s elevada qualitat, fet que ens permet posicionar-nos com un magatzem de refer\u00e8ncia en el mercat.<br \/>\nEls nostres productes estan certificats amb el Marcat CE de producte, la qual cosa significa que el producte ha sigut avaluat abans de posar-se en el mercat, i que per tant compleix amb els requisits legals essencials per a la venda.[\/vc_column_text][\/vc_column][vc_column width=&#8221;5\/12&#8243;][\/vc_column][\/vc_row][vc_row][vc_column][vc_raw_html]W3Byb2R1Y3RfY2F0ZWdvcmllcyBwYXJlbnQ9IjAiIG9yZGVyYnk9Im1lbnVfb3JkZXIiXQ==[\/vc_raw_html][\/vc_column][\/vc_row][vc_row full_width=&#8221;stretch_row&#8221; equal_height=&#8221;yes&#8221; el_class=&#8221;contacta-con-nosotros&#8221; css=&#8221;.vc_custom_1620302775438{background-color: #ed3c6a !important;}&#8221;][vc_column width=&#8221;1\/3&#8243; css=&#8221;.vc_custom_1620981757849{background-image: url(http:\/\/ferrosbrugues.com\/\/wp-content\/uploads\/2021\/05\/tienes-una-consulta.jpg?id=275) !important;background-position: center !important;background-repeat: no-repeat !important;background-size: cover !important;}&#8221;][\/vc_column][vc_column width=&#8221;2\/3&#8243;][vc_empty_space][vc_custom_heading text=&#8221;Tens una consulta?&#8221; font_container=&#8221;tag:h2|text_align:center|color:%23ed3c6a&#8221; use_theme_fonts=&#8221;yes&#8221;][vc_custom_heading text=&#8221;Contacta amb nosaltres i t&#8217;assessorem&#8221; font_container=&#8221;tag:h3|text_align:center&#8221; use_theme_fonts=&#8221;yes&#8221;][vc_btn title=&#8221;CONTACTAR&#8221; color=&#8221;white&#8221; align=&#8221;left&#8221; el_class=&#8221;solicitar-info&#8221;][vc_empty_space height=&#8221;47px&#8221;][\/vc_column][\/vc_row][vc_row full_width=&#8221;stretch_row&#8221; el_class=&#8221;form-product-container&#8221;][vc_column width=&#8221;1\/3&#8243; css=&#8221;.vc_custom_1620307573786{background-position: center !important;background-repeat: no-repeat !important;background-size: cover !important;}&#8221;][\/vc_column][vc_column width=&#8221;2\/3&#8243;][vc_row_inner][vc_column_inner]<div role=\"form\" class=\"wpcf7\" id=\"wpcf7-f2648-o1\" lang=\"ca\" dir=\"ltr\">\n<div class=\"screen-reader-response\"><p role=\"status\" aria-live=\"polite\" aria-atomic=\"true\"><\/p> <ul><\/ul><\/div>\n<form action=\"\/ca\/wp-json\/wp\/v2\/pages\/1699#wpcf7-f2648-o1\" method=\"post\" class=\"wpcf7-form init\" enctype=\"multipart\/form-data\" novalidate=\"novalidate\" data-status=\"init\">\n<div style=\"display: none;\">\n<input type=\"hidden\" name=\"_wpcf7\" value=\"2648\" \/>\n<input type=\"hidden\" name=\"_wpcf7_version\" value=\"5.6.4\" \/>\n<input type=\"hidden\" name=\"_wpcf7_locale\" value=\"ca\" \/>\n<input type=\"hidden\" name=\"_wpcf7_unit_tag\" value=\"wpcf7-f2648-o1\" \/>\n<input type=\"hidden\" name=\"_wpcf7_container_post\" value=\"0\" \/>\n<input type=\"hidden\" name=\"_wpcf7_posted_data_hash\" value=\"\" \/>\n<\/div>\n<div class=\"row\">\n<div class=\"col-md-6\">\n    <span class=\"wpcf7-form-control-wrap\" data-name=\"your-name\"><input type=\"text\" name=\"your-name\" value=\"\" size=\"40\" class=\"wpcf7-form-control wpcf7-text wpcf7-validates-as-required\" aria-required=\"true\" aria-invalid=\"false\" placeholder=\"Nom i Cognoms*\" \/><\/span>\n<\/div>\n<div class=\"col-md-6\">\n    <span class=\"wpcf7-form-control-wrap\" data-name=\"empresa\"><input type=\"text\" name=\"empresa\" value=\"\" size=\"40\" class=\"wpcf7-form-control wpcf7-text wpcf7-validates-as-required\" aria-required=\"true\" aria-invalid=\"false\" placeholder=\"Empresa*\" \/><\/span>\n<\/div>\n<div class=\"col-md-6\">\n    <span class=\"wpcf7-form-control-wrap\" data-name=\"telf\"><input type=\"text\" name=\"telf\" value=\"\" size=\"40\" class=\"wpcf7-form-control wpcf7-text\" aria-invalid=\"false\" placeholder=\"Tel\u00e8fono\" \/><\/span> <\/label>\n<\/div>\n<div class=\"col-md-6\">\n    <span class=\"wpcf7-form-control-wrap\" data-name=\"your-email\"><input type=\"email\" name=\"your-email\" value=\"\" size=\"40\" class=\"wpcf7-form-control wpcf7-text wpcf7-email wpcf7-validates-as-required wpcf7-validates-as-email\" aria-required=\"true\" aria-invalid=\"false\" placeholder=\"e-mail*\" \/><\/span>\n<\/div>\n<div class=\"col-md-12\">\n    <span class=\"wpcf7-form-control-wrap\" data-name=\"your-message\"><textarea name=\"your-message\" cols=\"40\" rows=\"10\" class=\"wpcf7-form-control wpcf7-textarea\" aria-invalid=\"false\" placeholder=\"Missatge\"><\/textarea><\/span>\n<\/div>\n<div class=\"col-md-12\">\n<p class=\"txt-adjuntar\">Adjuntar document (.jpg, .png, .gif,. jpeg, .dwg, .bmb, .pdf )<\/p>\n<p><span class=\"wpcf7-form-control-wrap\" data-name=\"file-614\"><input type=\"file\" name=\"file-614\" size=\"40\" class=\"wpcf7-form-control wpcf7-file\" accept=\".jpg,.dwg,.pdf,.png,.gif,.jpeg,.bmb\" aria-invalid=\"false\" \/><\/span>\n<\/p><\/div>\n<div class=\"col-md-9\">\n<span class=\"wpcf7-form-control-wrap\" data-name=\"acceptance-281\"><span class=\"wpcf7-form-control wpcf7-acceptance\"><span class=\"wpcf7-list-item\"><input type=\"checkbox\" name=\"acceptance-281\" value=\"1\" aria-invalid=\"false\" \/><\/span><\/span><\/span>He llegit i accepto la llei de <a href=\"http:\/\/ferrosbrugues.com\/politica-de-privacidad\/\">protecci\u00f3 de dades<\/a>\n<\/div>\n<div class=\"col-md-3 contact-submit-footer\">\n<input type=\"submit\" value=\"ENVIAR\" class=\"wpcf7-form-control has-spinner wpcf7-submit\" \/>\n<\/div>\n<\/div>\n<div class=\"wpcf7-response-output\" aria-hidden=\"true\"><\/div><\/form><\/div>[\/vc_column_inner][\/vc_row_inner][\/vc_column][\/vc_row]<\/p>\n<\/section>","protected":false},"excerpt":{"rendered":"<p>[vc_row][vc_column][vc_custom_heading text=&#8221;Els Nostres Productes&#8221; font_container=&#8221;tag:h1|text_align:left|color:%23ed3c6a&#8221; use_theme_fonts=&#8221;yes&#8221;][\/vc_column][\/vc_row][vc_row][vc_column width=&#8221;7\/12&#8243;][vc_column_text]Tots els nostres productes s\u00f3n de la m\u00e9s elevada qualitat, fet que ens permet posicionar-nos com un magatzem de refer\u00e8ncia en el mercat. Els [&hellip;]<\/p>\n","protected":false},"author":1,"featured_media":0,"parent":0,"menu_order":0,"comment_status":"closed","ping_status":"closed","template":"","meta":{"footnotes":""},"class_list":["post-1699","page","type-page","status-publish","hentry"],"acf":[],"_links":{"self":[{"href":"https:\/\/ferrosbrugues.com\/ca\/wp-json\/wp\/v2\/pages\/1699","targetHints":{"allow":["GET"]}}],"collection":[{"href":"https:\/\/ferrosbrugues.com\/ca\/wp-json\/wp\/v2\/pages"}],"about":[{"href":"https:\/\/ferrosbrugues.com\/ca\/wp-json\/wp\/v2\/types\/page"}],"author":[{"embeddable":true,"href":"https:\/\/ferrosbrugues.com\/ca\/wp-json\/wp\/v2\/users\/1"}],"replies":[{"embeddable":true,"href":"https:\/\/ferrosbrugues.com\/ca\/wp-json\/wp\/v2\/comments?post=1699"}],"version-history":[{"count":5,"href":"https:\/\/ferrosbrugues.com\/ca\/wp-json\/wp\/v2\/pages\/1699\/revisions"}],"predecessor-version":[{"id":1704,"href":"https:\/\/ferrosbrugues.com\/ca\/wp-json\/wp\/v2\/pages\/1699\/revisions\/1704"}],"wp:attachment":[{"href":"https:\/\/ferrosbrugues.com\/ca\/wp-json\/wp\/v2\/media?parent=1699"}],"curies":[{"name":"wp","href":"https:\/\/api.w.org\/{rel}","templated":true}]}}